{"id":12361,"date":"2021-12-27T15:20:46","date_gmt":"2021-12-27T14:20:46","guid":{"rendered":"https:\/\/superpitch.fr\/?page_id=12361"},"modified":"2021-12-27T15:30:35","modified_gmt":"2021-12-27T14:30:35","slug":"conformite-rgpd","status":"publish","type":"page","link":"https:\/\/superpitch.fr\/index.php\/conformite-rgpd\/","title":{"rendered":"Conformit\u00e9 RGPD"},"content":{"rendered":"\t\t<div data-elementor-type=\"wp-page\" data-elementor-id=\"12361\" class=\"elementor elementor-12361\" data-elementor-post-type=\"page\">\n\t\t\t\t\t\t\t\t\t<section class=\"elementor-section elementor-top-section elementor-element elementor-element-4f9530fb elementor-reverse-mobile elementor-section-boxed elementor-section-height-default elementor-section-height-default\" data-id=\"4f9530fb\" data-element_type=\"section\" data-settings=\"{&quot;_ha_eqh_enable&quot;:false}\">\n\t\t\t\t\t\t<div class=\"elementor-container elementor-column-gap-default\">\n\t\t\t\t\t<div class=\"elementor-column elementor-col-100 elementor-top-column elementor-element elementor-element-170ad1f8\" data-id=\"170ad1f8\" data-element_type=\"column\">\n\t\t\t<div class=\"elementor-widget-wrap elementor-element-populated\">\n\t\t\t\t\t\t\t\t<div class=\"elementor-element elementor-element-6f81d10c elementor-widget elementor-widget-heading\" data-id=\"6f81d10c\" data-element_type=\"widget\" data-widget_type=\"heading.default\">\n\t\t\t\t<div class=\"elementor-widget-container\">\n\t\t\t<style>\/*! elementor - v3.16.0 - 09-10-2023 *\/\n.elementor-heading-title{padding:0;margin:0;line-height:1}.elementor-widget-heading .elementor-heading-title[class*=elementor-size-]>a{color:inherit;font-size:inherit;line-height:inherit}.elementor-widget-heading .elementor-heading-title.elementor-size-small{font-size:15px}.elementor-widget-heading .elementor-heading-title.elementor-size-medium{font-size:19px}.elementor-widget-heading .elementor-heading-title.elementor-size-large{font-size:29px}.elementor-widget-heading .elementor-heading-title.elementor-size-xl{font-size:39px}.elementor-widget-heading .elementor-heading-title.elementor-size-xxl{font-size:59px}<\/style><h2 class=\"elementor-heading-title elementor-size-default\">Conformit\u00e9 RGPD<\/h2>\t\t<\/div>\n\t\t\t\t<\/div>\n\t\t\t\t<div class=\"elementor-element elementor-element-038c72b elementor-widget elementor-widget-text-editor\" data-id=\"038c72b\" data-element_type=\"widget\" data-widget_type=\"text-editor.default\">\n\t\t\t\t<div class=\"elementor-widget-container\">\n\t\t\t<style>\/*! elementor - v3.16.0 - 09-10-2023 *\/\n.elementor-widget-text-editor.elementor-drop-cap-view-stacked .elementor-drop-cap{background-color:#69727d;color:#fff}.elementor-widget-text-editor.elementor-drop-cap-view-framed .elementor-drop-cap{color:#69727d;border:3px solid;background-color:transparent}.elementor-widget-text-editor:not(.elementor-drop-cap-view-default) .elementor-drop-cap{margin-top:8px}.elementor-widget-text-editor:not(.elementor-drop-cap-view-default) .elementor-drop-cap-letter{width:1em;height:1em}.elementor-widget-text-editor .elementor-drop-cap{float:left;text-align:center;line-height:1;font-size:50px}.elementor-widget-text-editor .elementor-drop-cap-letter{display:inline-block}<\/style>\t\t\t\t<p class=\"wysiwyg-text-align-justify\"><span class=\"wysiwyg-font-size-medium\">Les donn\u00e9es personnelles collect\u00e9es par le site <a href=\"https:\/\/superpitch.fr\/\">www.superpitch.fr<\/a>\u00a0sont uniquement destin\u00e9es \u00e0 un usage interne. En aucun cas ces donn\u00e9es ne seront c\u00e9d\u00e9es ou vendues \u00e0 des tiers.<\/span><\/p><p>\u00a0<\/p><p class=\"wysiwyg-text-align-justify\"><span class=\"wysiwyg-font-size-medium\">Conform\u00e9ment \u00e0 l\u2019article 39 de la loi relative \u00e0 l\u2019Informatique et aux Libert\u00e9s du 6 janvier 1978, vous avez un droit d\u2019acc\u00e8s, de modification et d\u2019opposition sur vos donn\u00e9es personnelles enregistr\u00e9es par le site. Pour exercer ce droit, veuillez nous envoyer un mail \u00e0 : <a href=\"mailto:contact@superpitch.fr\">contact@superpitch.fr<\/a><\/span><\/p>\t\t\t\t\t\t<\/div>\n\t\t\t\t<\/div>\n\t\t\t\t<div class=\"elementor-element elementor-element-594be218 elementor-widget elementor-widget-heading\" data-id=\"594be218\" data-element_type=\"widget\" data-widget_type=\"heading.default\">\n\t\t\t\t<div class=\"elementor-widget-container\">\n\t\t\t<h3 class=\"elementor-heading-title elementor-size-default\">Cookies<\/h3>\t\t<\/div>\n\t\t\t\t<\/div>\n\t\t\t\t<div class=\"elementor-element elementor-element-3f1d533 elementor-widget elementor-widget-text-editor\" data-id=\"3f1d533\" data-element_type=\"widget\" data-widget_type=\"text-editor.default\">\n\t\t\t\t<div class=\"elementor-widget-container\">\n\t\t\t\t\t\t\t<p>En navigant sur notre site Internet, il se peut qu\u2019un ou plusieurs cookies soient cr\u00e9\u00e9s sur votre ordinateur. Cependant, votre identification n\u2019est pas automatique avec ces cookies. De fa\u00e7on globale, il stocke des renseignements concernant la navigation g\u00e9n\u00e9rale de votre ordinateur sur notre page Web (pages consult\u00e9es, \u00e0 quelle date et quelle heure, etc.).<\/p><p>\u00a0<\/p><p>Nous vous informons qu\u2019\u00e0 n\u2019importe quel moment vous avez le droit de refuser le stockage de ces donn\u00e9es par ces cookies, et que pour ce faire vous devez param\u00e9trer votre navigateur\u00a0<\/p><p>\u00a0<\/p><p><span class=\"wysiwyg-font-size-medium\">Vous trouverez davantage d\u2019informations relatives aux cookies sur le site de la\u00a0<a href=\"http:\/\/www.cnil.fr\/vos-droits\/vos-traces\/les-cookies\/\" target=\"_blank\" rel=\"nofollow noopener\">CNIL<\/a><\/span><span class=\"wysiwyg-font-size-medium\">.<\/span><\/p>\t\t\t\t\t\t<\/div>\n\t\t\t\t<\/div>\n\t\t\t\t<div class=\"elementor-element elementor-element-d6f495e elementor-widget elementor-widget-heading\" data-id=\"d6f495e\" data-element_type=\"widget\" data-widget_type=\"heading.default\">\n\t\t\t\t<div class=\"elementor-widget-container\">\n\t\t\t<h3 class=\"elementor-heading-title elementor-size-default\">Droits d'auteur<\/h3>\t\t<\/div>\n\t\t\t\t<\/div>\n\t\t\t\t<div class=\"elementor-element elementor-element-fe021c7 elementor-widget elementor-widget-text-editor\" data-id=\"fe021c7\" data-element_type=\"widget\" data-widget_type=\"text-editor.default\">\n\t\t\t\t<div class=\"elementor-widget-container\">\n\t\t\t\t\t\t\t<p class=\"wysiwyg-text-align-justify\"><span class=\"wysiwyg-font-size-medium\">Tous droits r\u00e9serv\u00e9s. La reproduction du contenu de ce site, en totalit\u00e9 ou en partie, est interdite sans la permission \u00e9crite de l\u2019auteur. <\/span><\/p><p class=\"wysiwyg-text-align-justify\"><span class=\"wysiwyg-font-size-medium\">Les textes, images fixes ou anim\u00e9es, les contenus graphiques, documents t\u00e9l\u00e9chargeables, formulaires, newsletters rel\u00e8vent de la propri\u00e9t\u00e9 exclusive de Superpitch. Ces \u00e9l\u00e9ments sont prot\u00e9g\u00e9s par les lois fran\u00e7aises et les textes internationaux relatifs au respect des droits d\u2019auteur et du copyright.<\/span><\/p>\t\t\t\t\t\t<\/div>\n\t\t\t\t<\/div>\n\t\t\t\t\t<\/div>\n\t\t<\/div>\n\t\t\t\t\t\t\t<\/div>\n\t\t<\/section>\n\t\t\t\t\t\t\t<\/div>\n\t\t","protected":false},"excerpt":{"rendered":"<p class=\"excerpt\">Conformit\u00e9 RGPD Les donn\u00e9es personnelles collect\u00e9es par le site www.superpitch.fr\u00a0sont uniquement destin\u00e9es \u00e0 un usage interne. En aucun cas ces donn\u00e9es ne seront c\u00e9d\u00e9es ou vendues \u00e0 des tiers. \u00a0 Conform\u00e9ment \u00e0 l\u2019article 39 de la loi relative \u00e0 l\u2019Informatique et aux Libert\u00e9s du 6 janvier 1978, vous avez un droit d\u2019acc\u00e8s, de modification et [&hellip;]<\/p>\n","protected":false},"author":1,"featured_media":0,"parent":0,"menu_order":0,"comment_status":"closed","ping_status":"closed","template":"template-blank.php","meta":[],"_links":{"self":[{"href":"https:\/\/superpitch.fr\/index.php\/wp-json\/wp\/v2\/pages\/12361"}],"collection":[{"href":"https:\/\/superpitch.fr\/index.php\/wp-json\/wp\/v2\/pages"}],"about":[{"href":"https:\/\/superpitch.fr\/index.php\/wp-json\/wp\/v2\/types\/page"}],"author":[{"embeddable":true,"href":"https:\/\/superpitch.fr\/index.php\/wp-json\/wp\/v2\/users\/1"}],"replies":[{"embeddable":true,"href":"https:\/\/superpitch.fr\/index.php\/wp-json\/wp\/v2\/comments?post=12361"}],"version-history":[{"count":4,"href":"https:\/\/superpitch.fr\/index.php\/wp-json\/wp\/v2\/pages\/12361\/revisions"}],"predecessor-version":[{"id":12366,"href":"https:\/\/superpitch.fr\/index.php\/wp-json\/wp\/v2\/pages\/12361\/revisions\/12366"}],"wp:attachment":[{"href":"https:\/\/superpitch.fr\/index.php\/wp-json\/wp\/v2\/media?parent=12361"}],"curies":[{"name":"wp","href":"https:\/\/api.w.org\/{rel}","templated":true}]}}