{"id":12218,"date":"2021-12-23T14:58:21","date_gmt":"2021-12-23T13:58:21","guid":{"rendered":"https:\/\/superpitch.fr\/index.php\/lequipe\/"},"modified":"2025-11-18T11:29:22","modified_gmt":"2025-11-18T10:29:22","slug":"lequipe","status":"publish","type":"page","link":"https:\/\/superpitch.fr\/index.php\/lequipe\/","title":{"rendered":"L&#8217;\u00e9quipe"},"content":{"rendered":"\t\t<div data-elementor-type=\"wp-page\" data-elementor-id=\"12218\" class=\"elementor elementor-12218\" data-elementor-post-type=\"page\">\n\t\t\t\t\t\t\t\t\t<section class=\"elementor-section elementor-top-section elementor-element elementor-element-5e5a06a0 elementor-reverse-tablet elementor-reverse-mobile elementor-section-boxed elementor-section-height-default elementor-section-height-default\" data-id=\"5e5a06a0\" data-element_type=\"section\" data-settings=\"{&quot;_ha_eqh_enable&quot;:false}\">\n\t\t\t\t\t\t<div class=\"elementor-container elementor-column-gap-default\">\n\t\t\t\t\t<div class=\"elementor-column elementor-col-100 elementor-top-column elementor-element elementor-element-2cd6c3d\" data-id=\"2cd6c3d\" data-element_type=\"column\">\n\t\t\t<div class=\"elementor-widget-wrap elementor-element-populated\">\n\t\t\t\t\t\t\t\t<div class=\"elementor-element elementor-element-74e2bb3 elementor-widget elementor-widget-heading\" data-id=\"74e2bb3\" data-element_type=\"widget\" data-widget_type=\"heading.default\">\n\t\t\t\t<div class=\"elementor-widget-container\">\n\t\t\t<style>\/*! elementor - v3.16.0 - 09-10-2023 *\/\n.elementor-heading-title{padding:0;margin:0;line-height:1}.elementor-widget-heading .elementor-heading-title[class*=elementor-size-]>a{color:inherit;font-size:inherit;line-height:inherit}.elementor-widget-heading .elementor-heading-title.elementor-size-small{font-size:15px}.elementor-widget-heading .elementor-heading-title.elementor-size-medium{font-size:19px}.elementor-widget-heading .elementor-heading-title.elementor-size-large{font-size:29px}.elementor-widget-heading .elementor-heading-title.elementor-size-xl{font-size:39px}.elementor-widget-heading .elementor-heading-title.elementor-size-xxl{font-size:59px}<\/style><h2 class=\"elementor-heading-title elementor-size-default\">L'\u00e9quipe<\/h2>\t\t<\/div>\n\t\t\t\t<\/div>\n\t\t\t\t\t<\/div>\n\t\t<\/div>\n\t\t\t\t\t\t\t<\/div>\n\t\t<\/section>\n\t\t\t\t<section class=\"elementor-section elementor-top-section elementor-element elementor-element-35895b2d elementor-section-boxed elementor-section-height-default elementor-section-height-default\" data-id=\"35895b2d\" data-element_type=\"section\" data-settings=\"{&quot;_ha_eqh_enable&quot;:false}\">\n\t\t\t\t\t\t<div class=\"elementor-container elementor-column-gap-default\">\n\t\t\t\t\t<div class=\"elementor-column elementor-col-100 elementor-top-column elementor-element elementor-element-43f7a5dd\" data-id=\"43f7a5dd\" data-element_type=\"column\">\n\t\t\t<div class=\"elementor-widget-wrap elementor-element-populated\">\n\t\t\t\t\t\t\t\t<section class=\"elementor-section elementor-inner-section elementor-element elementor-element-4046a79 elementor-section-boxed elementor-section-height-default elementor-section-height-default\" data-id=\"4046a79\" data-element_type=\"section\" data-settings=\"{&quot;_ha_eqh_enable&quot;:false}\">\n\t\t\t\t\t\t<div class=\"elementor-container elementor-column-gap-default\">\n\t\t\t\t\t<div class=\"elementor-column elementor-col-25 elementor-inner-column elementor-element elementor-element-69e5c77d\" data-id=\"69e5c77d\" data-element_type=\"column\">\n\t\t\t<div class=\"elementor-widget-wrap elementor-element-populated\">\n\t\t\t\t\t\t\t\t<div class=\"elementor-element elementor-element-29d5349d elementor-widget elementor-widget-ha-member happy-addon ha-member\" data-id=\"29d5349d\" data-element_type=\"widget\" data-widget_type=\"ha-member.default\">\n\t\t\t\t<div class=\"elementor-widget-container\">\n\t\t\t\n\t\t\t\t\t<figure class=\"ha-member-figure\">\n\t\t\t\t<img width=\"650\" height=\"650\" src=\"https:\/\/superpitch.fr\/wp-content\/uploads\/2021\/12\/correntin-1.png\" class=\"elementor-animation-disable-animation attachment-full size-full wp-image-12160\" alt=\"\" decoding=\"async\" loading=\"lazy\" srcset=\"https:\/\/superpitch.fr\/wp-content\/uploads\/2021\/12\/correntin-1.png 650w, https:\/\/superpitch.fr\/wp-content\/uploads\/2021\/12\/correntin-1-300x300.png 300w, https:\/\/superpitch.fr\/wp-content\/uploads\/2021\/12\/correntin-1-150x150.png 150w, https:\/\/superpitch.fr\/wp-content\/uploads\/2021\/12\/correntin-1-480x480.png 480w\" sizes=\"(max-width: 650px) 100vw, 650px\" \/>\t\t\t<\/figure>\n\t\t\n\t\t<div class=\"ha-member-body\">\n\t\t\t<h2 class=\"ha-member-name\">Corentin Ribeyre<\/h2>\n\t\t\t\t\t\t\t<div class=\"ha-member-position\">D\u00e9veloppeur<\/div>\n\t\t\t\n\t\t\t\n\t\t\t\n\t\t\t\t\t\t\t<div class=\"ha-member-links\">\n\t\t\t\t\t<a target=\"_blank\" rel=\"noopener\" href=\"https:\/\/www.linkedin.com\/in\/corentin-ribeyre-30085a3b\/\" class=\"elementor-repeater-item-0e21897\"><i class=\"fa fa-linkedin fab\" aria-hidden=\"true\"><\/i><\/a>\t\t\t\t<\/div>\n\t\t\t\n\t\t\t\t\t<\/div>\n\t\t\t\t<\/div>\n\t\t\t\t<\/div>\n\t\t\t\t\t<\/div>\n\t\t<\/div>\n\t\t\t\t<div class=\"elementor-column elementor-col-25 elementor-inner-column elementor-element elementor-element-58348ee4\" data-id=\"58348ee4\" data-element_type=\"column\">\n\t\t\t<div class=\"elementor-widget-wrap elementor-element-populated\">\n\t\t\t\t\t\t\t\t<div class=\"elementor-element elementor-element-7f019391 elementor-widget elementor-widget-ha-member happy-addon ha-member\" data-id=\"7f019391\" data-element_type=\"widget\" data-widget_type=\"ha-member.default\">\n\t\t\t\t<div class=\"elementor-widget-container\">\n\t\t\t\n\t\t\t\t\t<figure class=\"ha-member-figure\">\n\t\t\t\t<img width=\"650\" height=\"650\" src=\"https:\/\/superpitch.fr\/wp-content\/uploads\/2021\/12\/eva-1.png\" class=\"elementor-animation-disable-animation attachment-full size-full wp-image-12159\" alt=\"\" decoding=\"async\" loading=\"lazy\" srcset=\"https:\/\/superpitch.fr\/wp-content\/uploads\/2021\/12\/eva-1.png 650w, https:\/\/superpitch.fr\/wp-content\/uploads\/2021\/12\/eva-1-300x300.png 300w, https:\/\/superpitch.fr\/wp-content\/uploads\/2021\/12\/eva-1-150x150.png 150w, https:\/\/superpitch.fr\/wp-content\/uploads\/2021\/12\/eva-1-480x480.png 480w\" sizes=\"(max-width: 650px) 100vw, 650px\" \/>\t\t\t<\/figure>\n\t\t\n\t\t<div class=\"ha-member-body\">\n\t\t\t<h2 class=\"ha-member-name\">Eva Fichefeux<\/h2>\n\t\t\t\t\t\t\t<div class=\"ha-member-position\">Charg\u00e9e de projet<\/div>\n\t\t\t\n\t\t\t\n\t\t\t\n\t\t\t\t\t\t\t<div class=\"ha-member-links\">\n\t\t\t\t\t<a target=\"_blank\" rel=\"noopener\" href=\"https:\/\/www.linkedin.com\/in\/evafichefeux\/\" class=\"elementor-repeater-item-0e21897\"><i class=\"fa fa-linkedin fab\" aria-hidden=\"true\"><\/i><\/a>\t\t\t\t<\/div>\n\t\t\t\n\t\t\t\t\t<\/div>\n\t\t\t\t<\/div>\n\t\t\t\t<\/div>\n\t\t\t\t\t<\/div>\n\t\t<\/div>\n\t\t\t\t<div class=\"elementor-column elementor-col-25 elementor-inner-column elementor-element elementor-element-2b1fdcb\" data-id=\"2b1fdcb\" data-element_type=\"column\">\n\t\t\t<div class=\"elementor-widget-wrap elementor-element-populated\">\n\t\t\t\t\t\t\t\t<div class=\"elementor-element elementor-element-60146796 elementor-widget elementor-widget-ha-member happy-addon ha-member\" data-id=\"60146796\" data-element_type=\"widget\" data-widget_type=\"ha-member.default\">\n\t\t\t\t<div class=\"elementor-widget-container\">\n\t\t\t\n\t\t\t\t\t<figure class=\"ha-member-figure\">\n\t\t\t\t<img width=\"650\" height=\"650\" src=\"https:\/\/superpitch.fr\/wp-content\/uploads\/2021\/12\/estelle-1.png\" class=\"elementor-animation-disable-animation attachment-full size-full wp-image-12165\" alt=\"\" decoding=\"async\" loading=\"lazy\" srcset=\"https:\/\/superpitch.fr\/wp-content\/uploads\/2021\/12\/estelle-1.png 650w, https:\/\/superpitch.fr\/wp-content\/uploads\/2021\/12\/estelle-1-300x300.png 300w, https:\/\/superpitch.fr\/wp-content\/uploads\/2021\/12\/estelle-1-150x150.png 150w, https:\/\/superpitch.fr\/wp-content\/uploads\/2021\/12\/estelle-1-480x480.png 480w\" sizes=\"(max-width: 650px) 100vw, 650px\" \/>\t\t\t<\/figure>\n\t\t\n\t\t<div class=\"ha-member-body\">\n\t\t\t<h2 class=\"ha-member-name\">Estelle Rebichon<\/h2>\n\t\t\t\t\t\t\t<div class=\"ha-member-position\">Directrice Artistique<\/div>\n\t\t\t\n\t\t\t\n\t\t\t\n\t\t\t\t\t\t\t<div class=\"ha-member-links\">\n\t\t\t\t\t<a target=\"_blank\" rel=\"noopener\" href=\"https:\/\/www.linkedin.com\/in\/estelle-rebichon-067576140\/\" class=\"elementor-repeater-item-0e21897\"><i class=\"fa fa-linkedin fab\" aria-hidden=\"true\"><\/i><\/a>\t\t\t\t<\/div>\n\t\t\t\n\t\t\t\t\t<\/div>\n\t\t\t\t<\/div>\n\t\t\t\t<\/div>\n\t\t\t\t\t<\/div>\n\t\t<\/div>\n\t\t\t\t<div class=\"elementor-column elementor-col-25 elementor-inner-column elementor-element elementor-element-41c1f957\" data-id=\"41c1f957\" data-element_type=\"column\">\n\t\t\t<div class=\"elementor-widget-wrap elementor-element-populated\">\n\t\t\t\t\t\t\t\t<div class=\"elementor-element elementor-element-3eb9980a elementor-widget elementor-widget-ha-member happy-addon ha-member\" data-id=\"3eb9980a\" data-element_type=\"widget\" data-widget_type=\"ha-member.default\">\n\t\t\t\t<div class=\"elementor-widget-container\">\n\t\t\t\n\t\t\t\t\t<figure class=\"ha-member-figure\">\n\t\t\t\t<img width=\"650\" height=\"650\" src=\"https:\/\/superpitch.fr\/wp-content\/uploads\/2021\/12\/pierre-1.png\" class=\"elementor-animation-disable-animation attachment-full size-full wp-image-12164\" alt=\"\" decoding=\"async\" loading=\"lazy\" srcset=\"https:\/\/superpitch.fr\/wp-content\/uploads\/2021\/12\/pierre-1.png 650w, https:\/\/superpitch.fr\/wp-content\/uploads\/2021\/12\/pierre-1-300x300.png 300w, https:\/\/superpitch.fr\/wp-content\/uploads\/2021\/12\/pierre-1-150x150.png 150w, https:\/\/superpitch.fr\/wp-content\/uploads\/2021\/12\/pierre-1-480x480.png 480w\" sizes=\"(max-width: 650px) 100vw, 650px\" \/>\t\t\t<\/figure>\n\t\t\n\t\t<div class=\"ha-member-body\">\n\t\t\t<h2 class=\"ha-member-name\">Pierre Landoin<\/h2>\n\t\t\t\t\t\t\t<div class=\"ha-member-position\">Charg\u00e9 de projet<\/div>\n\t\t\t\n\t\t\t\n\t\t\t\n\t\t\t\t\t\t\t<div class=\"ha-member-links\">\n\t\t\t\t\t<a target=\"_blank\" rel=\"noopener\" href=\"https:\/\/www.linkedin.com\/in\/pierre-baptiste-landoin-98b8972b\/\" class=\"elementor-repeater-item-0e21897\"><i class=\"fa fa-linkedin fab\" aria-hidden=\"true\"><\/i><\/a>\t\t\t\t<\/div>\n\t\t\t\n\t\t\t\t\t<\/div>\n\t\t\t\t<\/div>\n\t\t\t\t<\/div>\n\t\t\t\t\t<\/div>\n\t\t<\/div>\n\t\t\t\t\t\t\t<\/div>\n\t\t<\/section>\n\t\t\t\t<section class=\"elementor-section elementor-inner-section elementor-element elementor-element-479f74aa elementor-section-boxed elementor-section-height-default elementor-section-height-default\" data-id=\"479f74aa\" data-element_type=\"section\" data-settings=\"{&quot;_ha_eqh_enable&quot;:false}\">\n\t\t\t\t\t\t<div class=\"elementor-container elementor-column-gap-default\">\n\t\t\t\t\t<div class=\"elementor-column elementor-col-25 elementor-inner-column elementor-element elementor-element-cd03c42\" data-id=\"cd03c42\" data-element_type=\"column\">\n\t\t\t<div class=\"elementor-widget-wrap elementor-element-populated\">\n\t\t\t\t\t\t\t\t<div class=\"elementor-element elementor-element-5dd0ce3b elementor-widget elementor-widget-ha-member happy-addon ha-member\" data-id=\"5dd0ce3b\" data-element_type=\"widget\" data-widget_type=\"ha-member.default\">\n\t\t\t\t<div class=\"elementor-widget-container\">\n\t\t\t\n\t\t\t\t\t<figure class=\"ha-member-figure\">\n\t\t\t\t<img width=\"650\" height=\"650\" src=\"https:\/\/superpitch.fr\/wp-content\/uploads\/2021\/12\/karine-1.png\" class=\"elementor-animation-disable-animation attachment-full size-full wp-image-12161\" alt=\"\" decoding=\"async\" loading=\"lazy\" srcset=\"https:\/\/superpitch.fr\/wp-content\/uploads\/2021\/12\/karine-1.png 650w, https:\/\/superpitch.fr\/wp-content\/uploads\/2021\/12\/karine-1-300x300.png 300w, https:\/\/superpitch.fr\/wp-content\/uploads\/2021\/12\/karine-1-150x150.png 150w, https:\/\/superpitch.fr\/wp-content\/uploads\/2021\/12\/karine-1-480x480.png 480w\" sizes=\"(max-width: 650px) 100vw, 650px\" \/>\t\t\t<\/figure>\n\t\t\n\t\t<div class=\"ha-member-body\">\n\t\t\t<h2 class=\"ha-member-name\">Karine Lecomte<\/h2>\n\t\t\t\t\t\t\t<div class=\"ha-member-position\">Charg\u00e9e de projet<\/div>\n\t\t\t\n\t\t\t\n\t\t\t\n\t\t\t\t\t\t\t<div class=\"ha-member-links\">\n\t\t\t\t\t<a target=\"_blank\" rel=\"noopener\" href=\"https:\/\/www.linkedin.com\/in\/karine-lecomte\/\" class=\"elementor-repeater-item-0e21897\"><i class=\"fa fa-linkedin fab\" aria-hidden=\"true\"><\/i><\/a>\t\t\t\t<\/div>\n\t\t\t\n\t\t\t\t\t<\/div>\n\t\t\t\t<\/div>\n\t\t\t\t<\/div>\n\t\t\t\t\t<\/div>\n\t\t<\/div>\n\t\t\t\t<div class=\"elementor-column elementor-col-25 elementor-inner-column elementor-element elementor-element-5484b102\" data-id=\"5484b102\" data-element_type=\"column\">\n\t\t\t<div class=\"elementor-widget-wrap elementor-element-populated\">\n\t\t\t\t\t\t\t\t<div class=\"elementor-element elementor-element-7e16e080 elementor-widget elementor-widget-ha-member happy-addon ha-member\" data-id=\"7e16e080\" data-element_type=\"widget\" data-widget_type=\"ha-member.default\">\n\t\t\t\t<div class=\"elementor-widget-container\">\n\t\t\t\n\t\t\t\t\t<figure class=\"ha-member-figure\">\n\t\t\t\t<img width=\"650\" height=\"650\" src=\"https:\/\/superpitch.fr\/wp-content\/uploads\/2021\/12\/alexandre-1.png\" class=\"elementor-animation-disable-animation attachment-full size-full wp-image-12162\" alt=\"\" decoding=\"async\" loading=\"lazy\" srcset=\"https:\/\/superpitch.fr\/wp-content\/uploads\/2021\/12\/alexandre-1.png 650w, https:\/\/superpitch.fr\/wp-content\/uploads\/2021\/12\/alexandre-1-300x300.png 300w, https:\/\/superpitch.fr\/wp-content\/uploads\/2021\/12\/alexandre-1-150x150.png 150w, https:\/\/superpitch.fr\/wp-content\/uploads\/2021\/12\/alexandre-1-480x480.png 480w\" sizes=\"(max-width: 650px) 100vw, 650px\" \/>\t\t\t<\/figure>\n\t\t\n\t\t<div class=\"ha-member-body\">\n\t\t\t<h2 class=\"ha-member-name\">Alexandre Marianne<\/h2>\n\t\t\t\t\t\t\t<div class=\"ha-member-position\">Motion Designer<\/div>\n\t\t\t\n\t\t\t\n\t\t\t\n\t\t\t\t\t\t\t<div class=\"ha-member-links\">\n\t\t\t\t\t<a target=\"_blank\" rel=\"noopener\" href=\"https:\/\/linkedin.com\/\" class=\"elementor-repeater-item-0e21897\"><i class=\"fa fa-linkedin fab\" aria-hidden=\"true\"><\/i><\/a>\t\t\t\t<\/div>\n\t\t\t\n\t\t\t\t\t<\/div>\n\t\t\t\t<\/div>\n\t\t\t\t<\/div>\n\t\t\t\t\t<\/div>\n\t\t<\/div>\n\t\t\t\t<div class=\"elementor-column elementor-col-25 elementor-inner-column elementor-element elementor-element-569f04c5\" data-id=\"569f04c5\" data-element_type=\"column\">\n\t\t\t<div class=\"elementor-widget-wrap elementor-element-populated\">\n\t\t\t\t\t\t\t\t<div class=\"elementor-element elementor-element-19f10dba elementor-widget elementor-widget-ha-member happy-addon ha-member\" data-id=\"19f10dba\" data-element_type=\"widget\" data-widget_type=\"ha-member.default\">\n\t\t\t\t<div class=\"elementor-widget-container\">\n\t\t\t\n\t\t\t\t\t<figure class=\"ha-member-figure\">\n\t\t\t\t<img width=\"650\" height=\"650\" src=\"https:\/\/superpitch.fr\/wp-content\/uploads\/2021\/12\/solene-1.png\" class=\"elementor-animation-disable-animation attachment-full size-full wp-image-12219\" alt=\"\" decoding=\"async\" loading=\"lazy\" srcset=\"https:\/\/superpitch.fr\/wp-content\/uploads\/2021\/12\/solene-1.png 650w, https:\/\/superpitch.fr\/wp-content\/uploads\/2021\/12\/solene-1-300x300.png 300w, https:\/\/superpitch.fr\/wp-content\/uploads\/2021\/12\/solene-1-150x150.png 150w, https:\/\/superpitch.fr\/wp-content\/uploads\/2021\/12\/solene-1-480x480.png 480w\" sizes=\"(max-width: 650px) 100vw, 650px\" \/>\t\t\t<\/figure>\n\t\t\n\t\t<div class=\"ha-member-body\">\n\t\t\t<h2 class=\"ha-member-name\">Sol\u00e8ne Rochette<\/h2>\n\t\t\t\t\t\t\t<div class=\"ha-member-position\">Charg\u00e9e de projet<\/div>\n\t\t\t\n\t\t\t\n\t\t\t\n\t\t\t\t\t\t\t<div class=\"ha-member-links\">\n\t\t\t\t\t<a target=\"_blank\" rel=\"noopener\" href=\"https:\/\/www.linkedin.com\/in\/sol%C3%A8ne-rochette\/\" class=\"elementor-repeater-item-0e21897\"><i class=\"fa fa-linkedin fab\" aria-hidden=\"true\"><\/i><\/a>\t\t\t\t<\/div>\n\t\t\t\n\t\t\t\t\t<\/div>\n\t\t\t\t<\/div>\n\t\t\t\t<\/div>\n\t\t\t\t\t<\/div>\n\t\t<\/div>\n\t\t\t\t<div class=\"elementor-column elementor-col-25 elementor-inner-column elementor-element elementor-element-74c485f5\" data-id=\"74c485f5\" data-element_type=\"column\">\n\t\t\t<div class=\"elementor-widget-wrap\">\n\t\t\t\t\t\t\t\t\t<\/div>\n\t\t<\/div>\n\t\t\t\t\t\t\t<\/div>\n\t\t<\/section>\n\t\t\t\t<section class=\"elementor-section elementor-inner-section elementor-element elementor-element-130eff41 elementor-section-boxed elementor-section-height-default elementor-section-height-default\" data-id=\"130eff41\" data-element_type=\"section\" data-settings=\"{&quot;_ha_eqh_enable&quot;:false}\">\n\t\t\t\t\t\t<div class=\"elementor-container elementor-column-gap-default\">\n\t\t\t\t\t<div class=\"elementor-column elementor-col-25 elementor-inner-column elementor-element elementor-element-7e812e19\" data-id=\"7e812e19\" data-element_type=\"column\">\n\t\t\t<div class=\"elementor-widget-wrap\">\n\t\t\t\t\t\t\t\t\t<\/div>\n\t\t<\/div>\n\t\t\t\t<div class=\"elementor-column elementor-col-25 elementor-inner-column elementor-element elementor-element-427d7421\" data-id=\"427d7421\" data-element_type=\"column\">\n\t\t\t<div class=\"elementor-widget-wrap\">\n\t\t\t\t\t\t\t\t\t<\/div>\n\t\t<\/div>\n\t\t\t\t<div class=\"elementor-column elementor-col-25 elementor-inner-column elementor-element elementor-element-7533f985\" data-id=\"7533f985\" data-element_type=\"column\">\n\t\t\t<div class=\"elementor-widget-wrap\">\n\t\t\t\t\t\t\t\t\t<\/div>\n\t\t<\/div>\n\t\t\t\t<div class=\"elementor-column elementor-col-25 elementor-inner-column elementor-element elementor-element-5367e9f2\" data-id=\"5367e9f2\" data-element_type=\"column\">\n\t\t\t<div class=\"elementor-widget-wrap\">\n\t\t\t\t\t\t\t\t\t<\/div>\n\t\t<\/div>\n\t\t\t\t\t\t\t<\/div>\n\t\t<\/section>\n\t\t\t\t\t<\/div>\n\t\t<\/div>\n\t\t\t\t\t\t\t<\/div>\n\t\t<\/section>\n\t\t\t\t\t\t\t<\/div>\n\t\t","protected":false},"excerpt":{"rendered":"<p class=\"excerpt\">L&#8217;\u00e9quipe Corentin Ribeyre D\u00e9veloppeur Eva Fichefeux Charg\u00e9e de projet Estelle Rebichon Directrice Artistique Pierre Landoin Charg\u00e9 de projet Karine Lecomte Charg\u00e9e de projet Alexandre Marianne Motion Designer Sol\u00e8ne Rochette Charg\u00e9e de projet<\/p>\n","protected":false},"author":1,"featured_media":0,"parent":0,"menu_order":0,"comment_status":"closed","ping_status":"closed","template":"template-blank.php","meta":[],"_links":{"self":[{"href":"https:\/\/superpitch.fr\/index.php\/wp-json\/wp\/v2\/pages\/12218"}],"collection":[{"href":"https:\/\/superpitch.fr\/index.php\/wp-json\/wp\/v2\/pages"}],"about":[{"href":"https:\/\/superpitch.fr\/index.php\/wp-json\/wp\/v2\/types\/page"}],"author":[{"embeddable":true,"href":"https:\/\/superpitch.fr\/index.php\/wp-json\/wp\/v2\/users\/1"}],"replies":[{"embeddable":true,"href":"https:\/\/superpitch.fr\/index.php\/wp-json\/wp\/v2\/comments?post=12218"}],"version-history":[{"count":8,"href":"https:\/\/superpitch.fr\/index.php\/wp-json\/wp\/v2\/pages\/12218\/revisions"}],"predecessor-version":[{"id":12638,"href":"https:\/\/superpitch.fr\/index.php\/wp-json\/wp\/v2\/pages\/12218\/revisions\/12638"}],"wp:attachment":[{"href":"https:\/\/superpitch.fr\/index.php\/wp-json\/wp\/v2\/media?parent=12218"}],"curies":[{"name":"wp","href":"https:\/\/api.w.org\/{rel}","templated":true}]}}